{"id":12438,"date":"2025-07-30T18:55:43","date_gmt":"2025-07-30T16:55:43","guid":{"rendered":"https:\/\/pativelabarcelona.com\/?post_type=product&#038;p=12438"},"modified":"2025-07-30T18:57:01","modified_gmt":"2025-07-30T16:57:01","slug":"sunrise","status":"publish","type":"product","link":"https:\/\/pativelabarcelona.com\/en\/producte\/sunrise\/","title":{"rendered":"Sunrise"},"content":{"rendered":"<h3 data-section-id=\"c08l1w\" data-start=\"138\" data-end=\"187\"><strong data-start=\"142\" data-end=\"185\">Sortides en SUP per veure sortir el sol<\/strong><\/h3>\n<p data-start=\"188\" data-end=\"227\"><strong data-start=\"188\" data-end=\"227\">Cada dijous, una experi\u00e8ncia \u00fanica!<\/strong><\/p>\n<p data-start=\"229\" data-end=\"471\">Imagina comen\u00e7ar el dia flotant sobre el mar, amb la calma de l\u2019alba i el primer raig de sol escalfant-te la pell. Acompanya\u2019ns <strong data-start=\"357\" data-end=\"380\">cada dijous al mat\u00ed<\/strong> en una sortida amb taula de paddle surf (SUP) per viure la m\u00e0gia de l\u2019alba des de l\u2019aigua.<\/p>\n<p data-start=\"473\" data-end=\"684\">\u00c9s molt m\u00e9s que una activitat esportiva: \u00e9s un moment de connexi\u00f3 amb la natura, de silenci i bellesa.<br data-start=\"575\" data-end=\"578\" \/>No cal ser expert\/a \u2014nosaltres ens encarreguem del material i et guiarem perqu\u00e8 puguis gaudir-ho al m\u00e0xim.<\/p>\n<p data-start=\"686\" data-end=\"825\">&#x1f305; <strong data-start=\"689\" data-end=\"710\">Places limitades!<\/strong><br data-start=\"710\" data-end=\"713\" \/>&#x1f550; <strong data-start=\"716\" data-end=\"780\">Sortim a primera hora del mat\u00ed (hora segons sortida del sol)<\/strong><br data-start=\"780\" data-end=\"783\" \/>&#x1f4cd; <strong data-start=\"786\" data-end=\"825\">Punt de trobada: Club Pat\u00ed Vela Barcelona<\/strong><\/p>\n<p data-start=\"827\" data-end=\"893\">No t\u2019ho perdis! Comen\u00e7a el dia amb energia i bones vibracions.<\/p>\n<p>NO cal tenir experi\u00e8ncia pr\u00e8via en p\u00e1del surf.<\/p>\n","protected":false},"excerpt":{"rendered":"<p>Sortides en SUP per veure sortir el sol Cada dijous, una experi\u00e8ncia&hellip;<\/p>\n","protected":false},"featured_media":12439,"comment_status":"open","ping_status":"closed","template":"","meta":[],"product_brand":[],"product_cat":[179],"product_tag":[],"class_list":{"0":"post-12438","1":"product","2":"type-product","3":"status-publish","4":"has-post-thumbnail","6":"product_cat-paddle-surf","8":"first","9":"instock","10":"shipping-taxable","11":"purchasable","12":"product-type-simple"},"_links":{"self":[{"href":"https:\/\/pativelabarcelona.com\/en\/wp-json\/wp\/v2\/product\/12438","targetHints":{"allow":["GET"]}}],"collection":[{"href":"https:\/\/pativelabarcelona.com\/en\/wp-json\/wp\/v2\/product"}],"about":[{"href":"https:\/\/pativelabarcelona.com\/en\/wp-json\/wp\/v2\/types\/product"}],"replies":[{"embeddable":true,"href":"https:\/\/pativelabarcelona.com\/en\/wp-json\/wp\/v2\/comments?post=12438"}],"wp:featuredmedia":[{"embeddable":true,"href":"https:\/\/pativelabarcelona.com\/en\/wp-json\/wp\/v2\/media\/12439"}],"wp:attachment":[{"href":"https:\/\/pativelabarcelona.com\/en\/wp-json\/wp\/v2\/media?parent=12438"}],"wp:term":[{"taxonomy":"product_brand","embeddable":true,"href":"https:\/\/pativelabarcelona.com\/en\/wp-json\/wp\/v2\/product_brand?post=12438"},{"taxonomy":"product_cat","embeddable":true,"href":"https:\/\/pativelabarcelona.com\/en\/wp-json\/wp\/v2\/product_cat?post=12438"},{"taxonomy":"product_tag","embeddable":true,"href":"https:\/\/pativelabarcelona.com\/en\/wp-json\/wp\/v2\/product_tag?post=12438"}],"curies":[{"name":"wp","href":"https:\/\/api.w.org\/{rel}","templated":true}]}}