{"id":9107,"date":"2024-04-23T16:01:08","date_gmt":"2024-04-23T14:01:08","guid":{"rendered":"https:\/\/pativelabarcelona.com\/?post_type=product&#038;p=9107"},"modified":"2024-06-06T20:33:00","modified_gmt":"2024-06-06T18:33:00","slug":"inscripcio-copa-america-junior","status":"publish","type":"product","link":"https:\/\/pativelabarcelona.com\/en\/producte\/inscripcio-copa-america-junior\/","title":{"rendered":"Inscripci\u00f3 Copa Am\u00e8rica J\u00faniors"},"content":{"rendered":"<p>Inclou:<\/p>\n<ul>\n<li>2 dies de regata<\/li>\n<li>Dietes<\/li>\n<li>Welcome pack<\/li>\n<li>Acc\u00e9s a l&#8217;area de regatistes<\/li>\n<li>Asseguran\u00e7a<\/li>\n<li>Salvament i marineria<\/li>\n<\/ul>\n<p>&nbsp;<\/p>\n<p>\u00c9s obligatori tenir el <strong>Carnet ADIPAV en vig\u00e8ncia<\/strong>.<\/p>\n<p>Pots obtenir-lo a trav\u00e9s de la web de ADIPAV &#8211; <a href=\"https:\/\/www.adipav.org\/hazte-miembro-de-adipav\/\" target=\"_blank\" rel=\"noopener\">https:\/\/www.adipav.org\/hazte-miembro-de-adipav\/<\/a><\/p>\n<p>&nbsp;<\/p>\n","protected":false},"excerpt":{"rendered":"<p>\u00c9s obligatori tenir el Carnet ADIPAV en vig\u00e8ncia. Pots obtenir-lo a trav\u00e9s de la web de ADIPAV \u2013 <a href=\"https:\/\/www.adipav.org\/hazte-miembro-de-adipav\/\" target=\"_blank\" rel=\"noopener\">https:\/\/www.adipav.org\/hazte-miembro-de-adipav\/<\/a><\/p>\n","protected":false},"featured_media":9458,"comment_status":"open","ping_status":"closed","template":"","meta":[],"product_brand":[],"product_cat":[191],"product_tag":[],"class_list":{"0":"post-9107","1":"product","2":"type-product","3":"status-publish","4":"has-post-thumbnail","6":"product_cat-regates","7":"wcpa_has_options","9":"first","10":"instock","11":"shipping-taxable","12":"purchasable","13":"product-type-simple"},"_links":{"self":[{"href":"https:\/\/pativelabarcelona.com\/en\/wp-json\/wp\/v2\/product\/9107","targetHints":{"allow":["GET"]}}],"collection":[{"href":"https:\/\/pativelabarcelona.com\/en\/wp-json\/wp\/v2\/product"}],"about":[{"href":"https:\/\/pativelabarcelona.com\/en\/wp-json\/wp\/v2\/types\/product"}],"replies":[{"embeddable":true,"href":"https:\/\/pativelabarcelona.com\/en\/wp-json\/wp\/v2\/comments?post=9107"}],"wp:featuredmedia":[{"embeddable":true,"href":"https:\/\/pativelabarcelona.com\/en\/wp-json\/wp\/v2\/media\/9458"}],"wp:attachment":[{"href":"https:\/\/pativelabarcelona.com\/en\/wp-json\/wp\/v2\/media?parent=9107"}],"wp:term":[{"taxonomy":"product_brand","embeddable":true,"href":"https:\/\/pativelabarcelona.com\/en\/wp-json\/wp\/v2\/product_brand?post=9107"},{"taxonomy":"product_cat","embeddable":true,"href":"https:\/\/pativelabarcelona.com\/en\/wp-json\/wp\/v2\/product_cat?post=9107"},{"taxonomy":"product_tag","embeddable":true,"href":"https:\/\/pativelabarcelona.com\/en\/wp-json\/wp\/v2\/product_tag?post=9107"}],"curies":[{"name":"wp","href":"https:\/\/api.w.org\/{rel}","templated":true}]}}