{"id":11101,"date":"2021-10-14T08:36:16","date_gmt":"2021-10-14T06:36:16","guid":{"rendered":"https:\/\/pativelabarcelona.com\/condiciones-de-uso\/"},"modified":"2024-12-05T15:50:13","modified_gmt":"2024-12-05T14:50:13","slug":"condiciones-de-uso","status":"publish","type":"page","link":"https:\/\/pativelabarcelona.com\/es\/condiciones-de-uso\/","title":{"rendered":"Condiciones de uso"},"content":{"rendered":"\t\t<div data-elementor-type=\"wp-post\" data-elementor-id=\"11101\" class=\"elementor elementor-11101 elementor-5245\">\n\t\t\t\t\t\t<section class=\"elementor-section elementor-top-section elementor-element elementor-element-19dac095 elementor-section-boxed elementor-section-height-default elementor-section-height-default exad-glass-effect-no exad-sticky-section-no\" data-id=\"19dac095\" data-element_type=\"section\" data-e-type=\"section\" data-settings=\"{&quot;background_background&quot;:&quot;classic&quot;}\">\n\t\t\t\t\t\t<div class=\"elementor-container elementor-column-gap-wider\">\n\t\t\t\t\t<div class=\"elementor-column elementor-col-100 elementor-top-column elementor-element elementor-element-9e48320 sc_inner_width_none sc_layouts_column_icons_position_left exad-glass-effect-no exad-sticky-section-no\" data-id=\"9e48320\" data-element_type=\"column\" data-e-type=\"column\">\n\t\t\t<div class=\"elementor-widget-wrap elementor-element-populated\">\n\t\t\t\t\t\t<div class=\"elementor-element elementor-element-197cb141 exad-sticky-section-no exad-glass-effect-no sc_fly_static elementor-widget elementor-widget-heading\" data-id=\"197cb141\" data-element_type=\"widget\" data-e-type=\"widget\" data-widget_type=\"heading.default\">\n\t\t\t\t<div class=\"elementor-widget-container\">\n\t\t\t\t\t<h5 class=\"elementor-heading-title elementor-size-default\">1. INFORMACI\u00d3N RELEVANTE<\/h5>\t\t\t\t<\/div>\n\t\t\t\t<\/div>\n\t\t\t\t<div class=\"elementor-element elementor-element-11efeb81 exad-sticky-section-no exad-glass-effect-no sc_fly_static elementor-widget elementor-widget-text-editor\" data-id=\"11efeb81\" data-element_type=\"widget\" data-e-type=\"widget\" data-widget_type=\"text-editor.default\">\n\t\t\t\t<div class=\"elementor-widget-container\">\n\t\t\t\t\t\t\t\t\t<p>Es un requisito necesario para la adquisici\u00f3n de los productos que se ofrecen en este sitio, que lea y acepte los siguientes t\u00e9rminos y condiciones que a continuaci\u00f3n se redactan. El uso de nuestros servicios as\u00ed como la compra de nuestros productos implicar\u00e1 que usted ha le\u00eddo y aceptado los T\u00e9rminos y Condiciones de Uso en el presente documento. Todos los productos que son ofrecidos por nuestro sitio web pudieran ser creados, cobrados, enviados o presentados por una p\u00e1gina web tercera y en ese caso estar\u00edan sujetos a sus propios t\u00e9rminos y condiciones. En algunos casos, para adquirir un producto, ser\u00e1 necesario el registro por parte del usuario, con ingreso de datos personales fidedignos y definici\u00f3n de una contrase\u00f1a.   <\/p>\n<p>El usuario puede elegir y cambiar la clave para su acceso de administraci\u00f3n de cuenta en cualquier momento, en caso de que se haya registrado y que sea necesario para la compra de alguno de nuestros productos. https:\/\/pativelabarcelona.com no asume la responsabilidad en caso de que entregue la llave a terceros. <\/p>\n<p>Todas las compras y transacciones que se lleven a cabo a trav\u00e9s de este sitio web, est\u00e1n sujetas a un proceso de confirmaci\u00f3n y verificaci\u00f3n, que podr\u00eda incluir la verificaci\u00f3n del stock y disponibilidad de producto, validaci\u00f3n de la forma de pago, validaci\u00f3n de la factura (en caso de existir) y el cumplimiento de las condiciones requeridas por el medio de pago seleccionado. En algunos casos puede que se requiera una verificaci\u00f3n por medio de correo electr\u00f3nico. <\/p>\n<p>Los precios de los productos ofrecidos en esta Tienda Online son v\u00e1lidos s\u00f3lo en las compras realizadas en este sitio web.<\/p>\n<p><span style=\"font-weight: 400;\"> <\/span><\/p>\n\t\t\t\t\t\t\t\t<\/div>\n\t\t\t\t<\/div>\n\t\t\t\t\t<\/div>\n\t\t<\/div>\n\t\t\t\t\t<\/div>\n\t\t<\/section>\n\t\t\t\t<section class=\"elementor-section elementor-top-section elementor-element elementor-element-19fecaae elementor-section-boxed elementor-section-height-default elementor-section-height-default exad-glass-effect-no exad-sticky-section-no\" data-id=\"19fecaae\" data-element_type=\"section\" data-e-type=\"section\">\n\t\t\t\t\t\t<div class=\"elementor-container elementor-column-gap-extended\">\n\t\t\t\t\t<div class=\"elementor-column elementor-col-100 elementor-top-column elementor-element elementor-element-57580bbc sc_inner_width_none sc_layouts_column_icons_position_left exad-glass-effect-no exad-sticky-section-no\" data-id=\"57580bbc\" data-element_type=\"column\" data-e-type=\"column\">\n\t\t\t<div class=\"elementor-widget-wrap elementor-element-populated\">\n\t\t\t\t\t\t<div class=\"elementor-element elementor-element-4284bc9b exad-sticky-section-no exad-glass-effect-no sc_fly_static elementor-widget elementor-widget-spacer\" data-id=\"4284bc9b\" data-element_type=\"widget\" data-e-type=\"widget\" data-widget_type=\"spacer.default\">\n\t\t\t\t<div class=\"elementor-widget-container\">\n\t\t\t\t\t\t\t<div class=\"elementor-spacer\">\n\t\t\t<div class=\"elementor-spacer-inner\"><\/div>\n\t\t<\/div>\n\t\t\t\t\t\t<\/div>\n\t\t\t\t<\/div>\n\t\t\t\t\t<\/div>\n\t\t<\/div>\n\t\t\t\t\t<\/div>\n\t\t<\/section>\n\t\t\t\t<section class=\"elementor-section elementor-top-section elementor-element elementor-element-31bfd29e elementor-section-boxed elementor-section-height-default elementor-section-height-default exad-glass-effect-no exad-sticky-section-no\" data-id=\"31bfd29e\" data-element_type=\"section\" data-e-type=\"section\" data-settings=\"{&quot;background_background&quot;:&quot;classic&quot;}\">\n\t\t\t\t\t\t<div class=\"elementor-container elementor-column-gap-wider\">\n\t\t\t\t\t<div class=\"elementor-column elementor-col-100 elementor-top-column elementor-element elementor-element-277cce3e sc_inner_width_none sc_layouts_column_icons_position_left exad-glass-effect-no exad-sticky-section-no\" data-id=\"277cce3e\" data-element_type=\"column\" data-e-type=\"column\">\n\t\t\t<div class=\"elementor-widget-wrap elementor-element-populated\">\n\t\t\t\t\t\t<div class=\"elementor-element elementor-element-5b840aa0 exad-sticky-section-no exad-glass-effect-no sc_fly_static elementor-widget elementor-widget-spacer\" data-id=\"5b840aa0\" data-element_type=\"widget\" data-e-type=\"widget\" data-widget_type=\"spacer.default\">\n\t\t\t\t<div class=\"elementor-widget-container\">\n\t\t\t\t\t\t\t<div class=\"elementor-spacer\">\n\t\t\t<div class=\"elementor-spacer-inner\"><\/div>\n\t\t<\/div>\n\t\t\t\t\t\t<\/div>\n\t\t\t\t<\/div>\n\t\t\t\t<div class=\"elementor-element elementor-element-28ffd096 exad-sticky-section-no exad-glass-effect-no sc_fly_static elementor-widget elementor-widget-heading\" data-id=\"28ffd096\" data-element_type=\"widget\" data-e-type=\"widget\" data-widget_type=\"heading.default\">\n\t\t\t\t<div class=\"elementor-widget-container\">\n\t\t\t\t\t<h5 class=\"elementor-heading-title elementor-size-default\">2. POL\u00cdTICA DE REEMBOLSO Y GARANT\u00cdA<\/h5>\t\t\t\t<\/div>\n\t\t\t\t<\/div>\n\t\t\t\t<div class=\"elementor-element elementor-element-18ee7638 exad-sticky-section-no exad-glass-effect-no sc_fly_static elementor-widget elementor-widget-text-editor\" data-id=\"18ee7638\" data-element_type=\"widget\" data-e-type=\"widget\" data-widget_type=\"text-editor.default\">\n\t\t\t\t<div class=\"elementor-widget-container\">\n\t\t\t\t\t\t\t\t\t<p>En el caso de productos que sean mercanc\u00edas irrevocables no-tangibles, no realizamos reembolsos una vez comprado el producto, usted tiene la responsabilidad de entenderlo antes de comprarlo. Le pedimos que lea con atenci\u00f3n antes de comprarlo. Hagamos s\u00f3lo excepciones con esta regla cuando la descripci\u00f3n no se ajusta al producto. Hay algunos productos que pudieran tener garant\u00eda y posibilidad de reembolso pero \u00e9ste ser\u00e1 especificado al comprar el producto. En estos casos, la garant\u00eda s\u00f3lo cubrir\u00e1 fallas de f\u00e1brica y s\u00f3lo se har\u00e1 efectiva cuando el producto se haya utilizado correctamente. La garant\u00eda no cubre aver\u00edas o da\u00f1os ocasionados por uso indebido. Los t\u00e9rminos de la garant\u00eda est\u00e1n asociados a fallas de fabricaci\u00f3n y funcionamiento en condiciones normales de los productos y s\u00f3lo se har\u00e1n efectivos estos t\u00e9rminos si el equipo se ha usado correctamente. Esto incluye:       <\/p>\n<p>&#8211; De acuerdo con las especificaciones t\u00e9cnicas indicadas para cada producto.<br \/>&#8211; En condiciones ambientales de acuerdo con las especificaciones indicadas por el fabricante.<br \/>&#8211; En uso espec\u00edfico para la funci\u00f3n con la que fue dise\u00f1ado de f\u00e1brica.<br \/>&#8211; En condiciones de operaci\u00f3n el\u00e9ctricas de acuerdo con las especificaciones y tolerancias indicadas.<\/p>\n\t\t\t\t\t\t\t\t<\/div>\n\t\t\t\t<\/div>\n\t\t\t\t<div class=\"elementor-element elementor-element-452c618 exad-sticky-section-no exad-glass-effect-no sc_fly_static elementor-widget elementor-widget-spacer\" data-id=\"452c618\" data-element_type=\"widget\" data-e-type=\"widget\" data-widget_type=\"spacer.default\">\n\t\t\t\t<div class=\"elementor-widget-container\">\n\t\t\t\t\t\t\t<div class=\"elementor-spacer\">\n\t\t\t<div class=\"elementor-spacer-inner\"><\/div>\n\t\t<\/div>\n\t\t\t\t\t\t<\/div>\n\t\t\t\t<\/div>\n\t\t\t\t\t<\/div>\n\t\t<\/div>\n\t\t\t\t\t<\/div>\n\t\t<\/section>\n\t\t\t\t<section class=\"elementor-section elementor-top-section elementor-element elementor-element-38b348e8 elementor-section-boxed elementor-section-height-default elementor-section-height-default exad-glass-effect-no exad-sticky-section-no\" data-id=\"38b348e8\" data-element_type=\"section\" data-e-type=\"section\">\n\t\t\t\t\t\t<div class=\"elementor-container elementor-column-gap-extended\">\n\t\t\t\t\t<div class=\"elementor-column elementor-col-100 elementor-top-column elementor-element elementor-element-16c6c231 sc_inner_width_none sc_layouts_column_icons_position_left exad-glass-effect-no exad-sticky-section-no\" data-id=\"16c6c231\" data-element_type=\"column\" data-e-type=\"column\">\n\t\t\t<div class=\"elementor-widget-wrap elementor-element-populated\">\n\t\t\t\t\t\t<div class=\"elementor-element elementor-element-61cf5926 exad-sticky-section-no exad-glass-effect-no sc_fly_static elementor-widget elementor-widget-spacer\" data-id=\"61cf5926\" data-element_type=\"widget\" data-e-type=\"widget\" data-widget_type=\"spacer.default\">\n\t\t\t\t<div class=\"elementor-widget-container\">\n\t\t\t\t\t\t\t<div class=\"elementor-spacer\">\n\t\t\t<div class=\"elementor-spacer-inner\"><\/div>\n\t\t<\/div>\n\t\t\t\t\t\t<\/div>\n\t\t\t\t<\/div>\n\t\t\t\t\t<\/div>\n\t\t<\/div>\n\t\t\t\t\t<\/div>\n\t\t<\/section>\n\t\t\t\t<section class=\"elementor-section elementor-top-section elementor-element elementor-element-3b6a9877 elementor-section-boxed elementor-section-height-default elementor-section-height-default exad-glass-effect-no exad-sticky-section-no\" data-id=\"3b6a9877\" data-element_type=\"section\" data-e-type=\"section\" data-settings=\"{&quot;background_background&quot;:&quot;classic&quot;}\">\n\t\t\t\t\t\t<div class=\"elementor-container elementor-column-gap-wider\">\n\t\t\t\t\t<div class=\"elementor-column elementor-col-100 elementor-top-column elementor-element elementor-element-4700d54f sc_inner_width_none sc_layouts_column_icons_position_left exad-glass-effect-no exad-sticky-section-no\" data-id=\"4700d54f\" data-element_type=\"column\" data-e-type=\"column\">\n\t\t\t<div class=\"elementor-widget-wrap elementor-element-populated\">\n\t\t\t\t\t\t<div class=\"elementor-element elementor-element-621ae895 exad-sticky-section-no exad-glass-effect-no sc_fly_static elementor-widget elementor-widget-spacer\" data-id=\"621ae895\" data-element_type=\"widget\" data-e-type=\"widget\" data-widget_type=\"spacer.default\">\n\t\t\t\t<div class=\"elementor-widget-container\">\n\t\t\t\t\t\t\t<div class=\"elementor-spacer\">\n\t\t\t<div class=\"elementor-spacer-inner\"><\/div>\n\t\t<\/div>\n\t\t\t\t\t\t<\/div>\n\t\t\t\t<\/div>\n\t\t\t\t<div class=\"elementor-element elementor-element-cf97f exad-sticky-section-no exad-glass-effect-no sc_fly_static elementor-widget elementor-widget-heading\" data-id=\"cf97f\" data-element_type=\"widget\" data-e-type=\"widget\" data-widget_type=\"heading.default\">\n\t\t\t\t<div class=\"elementor-widget-container\">\n\t\t\t\t\t<h5 class=\"elementor-heading-title elementor-size-default\">3. COMPROBACI\u00d3N ANTIFRAUDE<\/h5>\t\t\t\t<\/div>\n\t\t\t\t<\/div>\n\t\t\t\t<div class=\"elementor-element elementor-element-1d7a0e7f exad-sticky-section-no exad-glass-effect-no sc_fly_static elementor-widget elementor-widget-text-editor\" data-id=\"1d7a0e7f\" data-element_type=\"widget\" data-e-type=\"widget\" data-widget_type=\"text-editor.default\">\n\t\t\t\t<div class=\"elementor-widget-container\">\n\t\t\t\t\t\t\t\t\t<p>La compra del cliente puede aplazarse para la comprobaci\u00f3n antifraude. Tambi\u00e9n puede ser suspendida por m\u00e1s tiempo para una investigaci\u00f3n m\u00e1s rigurosa, para evitar transacciones fraudulentas. <\/p>\n\t\t\t\t\t\t\t\t<\/div>\n\t\t\t\t<\/div>\n\t\t\t\t<div class=\"elementor-element elementor-element-197135c5 exad-sticky-section-no exad-glass-effect-no sc_fly_static elementor-widget elementor-widget-spacer\" data-id=\"197135c5\" data-element_type=\"widget\" data-e-type=\"widget\" data-widget_type=\"spacer.default\">\n\t\t\t\t<div class=\"elementor-widget-container\">\n\t\t\t\t\t\t\t<div class=\"elementor-spacer\">\n\t\t\t<div class=\"elementor-spacer-inner\"><\/div>\n\t\t<\/div>\n\t\t\t\t\t\t<\/div>\n\t\t\t\t<\/div>\n\t\t\t\t\t<\/div>\n\t\t<\/div>\n\t\t\t\t\t<\/div>\n\t\t<\/section>\n\t\t\t\t<section class=\"elementor-section elementor-top-section elementor-element elementor-element-2ada8b52 elementor-section-boxed elementor-section-height-default elementor-section-height-default exad-glass-effect-no exad-sticky-section-no\" data-id=\"2ada8b52\" data-element_type=\"section\" data-e-type=\"section\">\n\t\t\t\t\t\t<div class=\"elementor-container elementor-column-gap-extended\">\n\t\t\t\t\t<div class=\"elementor-column elementor-col-100 elementor-top-column elementor-element elementor-element-209d9186 sc_inner_width_none sc_layouts_column_icons_position_left exad-glass-effect-no exad-sticky-section-no\" data-id=\"209d9186\" data-element_type=\"column\" data-e-type=\"column\">\n\t\t\t<div class=\"elementor-widget-wrap elementor-element-populated\">\n\t\t\t\t\t\t<div class=\"elementor-element elementor-element-43cb0a3 exad-sticky-section-no exad-glass-effect-no sc_fly_static elementor-widget elementor-widget-spacer\" data-id=\"43cb0a3\" data-element_type=\"widget\" data-e-type=\"widget\" data-widget_type=\"spacer.default\">\n\t\t\t\t<div class=\"elementor-widget-container\">\n\t\t\t\t\t\t\t<div class=\"elementor-spacer\">\n\t\t\t<div class=\"elementor-spacer-inner\"><\/div>\n\t\t<\/div>\n\t\t\t\t\t\t<\/div>\n\t\t\t\t<\/div>\n\t\t\t\t\t<\/div>\n\t\t<\/div>\n\t\t\t\t\t<\/div>\n\t\t<\/section>\n\t\t\t\t<section class=\"elementor-section elementor-top-section elementor-element elementor-element-3b48168 elementor-section-boxed elementor-section-height-default elementor-section-height-default exad-glass-effect-no exad-sticky-section-no\" data-id=\"3b48168\" data-element_type=\"section\" data-e-type=\"section\" data-settings=\"{&quot;background_background&quot;:&quot;classic&quot;}\">\n\t\t\t\t\t\t<div class=\"elementor-container elementor-column-gap-wider\">\n\t\t\t\t\t<div class=\"elementor-column elementor-col-100 elementor-top-column elementor-element elementor-element-2aabd66b sc_inner_width_none sc_layouts_column_icons_position_left exad-glass-effect-no exad-sticky-section-no\" data-id=\"2aabd66b\" data-element_type=\"column\" data-e-type=\"column\">\n\t\t\t<div class=\"elementor-widget-wrap elementor-element-populated\">\n\t\t\t\t\t\t<div class=\"elementor-element elementor-element-6b55e4a4 exad-sticky-section-no exad-glass-effect-no sc_fly_static elementor-widget elementor-widget-spacer\" data-id=\"6b55e4a4\" data-element_type=\"widget\" data-e-type=\"widget\" data-widget_type=\"spacer.default\">\n\t\t\t\t<div class=\"elementor-widget-container\">\n\t\t\t\t\t\t\t<div class=\"elementor-spacer\">\n\t\t\t<div class=\"elementor-spacer-inner\"><\/div>\n\t\t<\/div>\n\t\t\t\t\t\t<\/div>\n\t\t\t\t<\/div>\n\t\t\t\t<div class=\"elementor-element elementor-element-2869d113 exad-sticky-section-no exad-glass-effect-no sc_fly_static elementor-widget elementor-widget-heading\" data-id=\"2869d113\" data-element_type=\"widget\" data-e-type=\"widget\" data-widget_type=\"heading.default\">\n\t\t\t\t<div class=\"elementor-widget-container\">\n\t\t\t\t\t<h5 class=\"elementor-heading-title elementor-size-default\">4. PRIVACIDAD<\/h5>\t\t\t\t<\/div>\n\t\t\t\t<\/div>\n\t\t\t\t<div class=\"elementor-element elementor-element-dbd53aa exad-sticky-section-no exad-glass-effect-no sc_fly_static elementor-widget elementor-widget-text-editor\" data-id=\"dbd53aa\" data-element_type=\"widget\" data-e-type=\"widget\" data-widget_type=\"text-editor.default\">\n\t\t\t\t<div class=\"elementor-widget-container\">\n\t\t\t\t\t\t\t\t\t<p>Este sitio web https:\/\/pativelabarcelona.com garantiza que la informaci\u00f3n personal que usted env\u00eda cuenta con la seguridad necesaria. Los datos ingresados \u200b\u200bpor usuario o en caso de requerir una validaci\u00f3n de los pedidos no ser\u00e1n entregados a terceros, salvo que deba ser revelada en cumplimiento a una orden judicial o requerimientos legales. <\/p>\n<p>Club Pat\u00ed Vela Barcelona reserva los derechos de cambiar o modificar estos t\u00e9rminos sin previo aviso.<\/p>\n\t\t\t\t\t\t\t\t<\/div>\n\t\t\t\t<\/div>\n\t\t\t\t<div class=\"elementor-element elementor-element-16ec427 exad-sticky-section-no exad-glass-effect-no sc_fly_static elementor-widget elementor-widget-spacer\" data-id=\"16ec427\" data-element_type=\"widget\" data-e-type=\"widget\" data-widget_type=\"spacer.default\">\n\t\t\t\t<div class=\"elementor-widget-container\">\n\t\t\t\t\t\t\t<div class=\"elementor-spacer\">\n\t\t\t<div class=\"elementor-spacer-inner\"><\/div>\n\t\t<\/div>\n\t\t\t\t\t\t<\/div>\n\t\t\t\t<\/div>\n\t\t\t\t\t<\/div>\n\t\t<\/div>\n\t\t\t\t\t<\/div>\n\t\t<\/section>\n\t\t\t\t<section class=\"elementor-section elementor-top-section elementor-element elementor-element-24549f4 elementor-section-boxed elementor-section-height-default elementor-section-height-default exad-glass-effect-no exad-sticky-section-no\" data-id=\"24549f4\" data-element_type=\"section\" data-e-type=\"section\">\n\t\t\t\t\t\t<div class=\"elementor-container elementor-column-gap-extended\">\n\t\t\t\t\t<div class=\"elementor-column elementor-col-100 elementor-top-column elementor-element elementor-element-8636bd5 sc_inner_width_none sc_layouts_column_icons_position_left exad-glass-effect-no exad-sticky-section-no\" data-id=\"8636bd5\" data-element_type=\"column\" data-e-type=\"column\">\n\t\t\t<div class=\"elementor-widget-wrap elementor-element-populated\">\n\t\t\t\t\t\t<div class=\"elementor-element elementor-element-7f248f9b exad-sticky-section-no exad-glass-effect-no sc_fly_static elementor-widget elementor-widget-spacer\" data-id=\"7f248f9b\" data-element_type=\"widget\" data-e-type=\"widget\" data-widget_type=\"spacer.default\">\n\t\t\t\t<div class=\"elementor-widget-container\">\n\t\t\t\t\t\t\t<div class=\"elementor-spacer\">\n\t\t\t<div class=\"elementor-spacer-inner\"><\/div>\n\t\t<\/div>\n\t\t\t\t\t\t<\/div>\n\t\t\t\t<\/div>\n\t\t\t\t\t<\/div>\n\t\t<\/div>\n\t\t\t\t\t<\/div>\n\t\t<\/section>\n\t\t\t\t<\/div>\n\t\t","protected":false},"excerpt":{"rendered":"<p>1. INFORMACI\u00d3N RELEVANTE Es un requisito necesario para la adquisici\u00f3n de los&hellip;<\/p>\n","protected":false},"author":1,"featured_media":0,"parent":0,"menu_order":96,"comment_status":"closed","ping_status":"closed","template":"","meta":{"footnotes":""},"class_list":["post-11101","page","type-page","status-publish","hentry"],"_links":{"self":[{"href":"https:\/\/pativelabarcelona.com\/es\/wp-json\/wp\/v2\/pages\/11101","targetHints":{"allow":["GET"]}}],"collection":[{"href":"https:\/\/pativelabarcelona.com\/es\/wp-json\/wp\/v2\/pages"}],"about":[{"href":"https:\/\/pativelabarcelona.com\/es\/wp-json\/wp\/v2\/types\/page"}],"author":[{"embeddable":true,"href":"https:\/\/pativelabarcelona.com\/es\/wp-json\/wp\/v2\/users\/1"}],"replies":[{"embeddable":true,"href":"https:\/\/pativelabarcelona.com\/es\/wp-json\/wp\/v2\/comments?post=11101"}],"version-history":[{"count":0,"href":"https:\/\/pativelabarcelona.com\/es\/wp-json\/wp\/v2\/pages\/11101\/revisions"}],"wp:attachment":[{"href":"https:\/\/pativelabarcelona.com\/es\/wp-json\/wp\/v2\/media?parent=11101"}],"curies":[{"name":"wp","href":"https:\/\/api.w.org\/{rel}","templated":true}]}}