{"id":11282,"date":"2021-09-06T15:21:49","date_gmt":"2021-09-06T13:21:49","guid":{"rendered":"https:\/\/pativelabarcelona.com\/astilleros\/"},"modified":"2026-01-21T16:47:19","modified_gmt":"2026-01-21T15:47:19","slug":"astilleros","status":"publish","type":"page","link":"https:\/\/pativelabarcelona.com\/es\/astilleros\/","title":{"rendered":"Astilleros"},"content":{"rendered":"\t\t<div data-elementor-type=\"wp-post\" data-elementor-id=\"11282\" class=\"elementor elementor-11282 elementor-3668\">\n\t\t\t\t\t\t<section class=\"elementor-section elementor-top-section elementor-element elementor-element-e78fe14 elementor-section-stretched elementor-section-boxed elementor-section-height-default elementor-section-height-default exad-glass-effect-no exad-sticky-section-no\" data-id=\"e78fe14\" data-element_type=\"section\" data-e-type=\"section\" data-settings=\"{&quot;stretch_section&quot;:&quot;section-stretched&quot;,&quot;background_background&quot;:&quot;classic&quot;}\">\n\t\t\t\t\t\t<div class=\"elementor-container elementor-column-gap-extended\">\n\t\t\t\t\t<div class=\"elementor-column elementor-col-100 elementor-top-column elementor-element elementor-element-74801d0 sc_inner_width_none sc_layouts_column_icons_position_left exad-glass-effect-no exad-sticky-section-no\" data-id=\"74801d0\" data-element_type=\"column\" data-e-type=\"column\">\n\t\t\t<div class=\"elementor-widget-wrap elementor-element-populated\">\n\t\t\t\t\t\t<div class=\"elementor-element elementor-element-a575b74 exad-sticky-section-no exad-glass-effect-no sc_fly_static elementor-widget elementor-widget-trx_sc_title\" data-id=\"a575b74\" data-element_type=\"widget\" data-e-type=\"widget\" data-widget_type=\"trx_sc_title.default\">\n\t\t\t\t<div class=\"elementor-widget-container\">\n\t\t\t\t\t<div id=\"trx_sc_title_648332257\"\n\t\tclass=\"sc_title sc_title_decoration\"><span class=\"sc_item_subtitle sc_title_subtitle sc_align_center sc_item_subtitle_above sc_item_title_style_decoration\">Pat\u00ed Vela Catal\u00e0<\/span><h2 class=\"sc_item_title sc_title_title sc_align_center sc_item_title_style_decoration sc_item_title_tag\"><span class=\"sc_item_title_text\">Drassanes<\/span><\/h2><div class=\"sc_item_descr sc_title_descr sc_align_center\"><p>Construeix el teu pat\u00ed de vela amb nosaltres<\/p>\n<\/div><\/div><!-- \/.sc_title -->\t\t\t\t<\/div>\n\t\t\t\t<\/div>\n\t\t\t\t\t<\/div>\n\t\t<\/div>\n\t\t\t\t\t<\/div>\n\t\t<\/section>\n\t\t\t\t<section class=\"elementor-section elementor-top-section elementor-element elementor-element-5734322 elementor-section-boxed elementor-section-height-default elementor-section-height-default exad-glass-effect-no exad-sticky-section-no\" data-id=\"5734322\" data-element_type=\"section\" data-e-type=\"section\" data-settings=\"{&quot;background_background&quot;:&quot;classic&quot;}\">\n\t\t\t\t\t\t<div class=\"elementor-container elementor-column-gap-extended\">\n\t\t\t\t\t<div class=\"elementor-column elementor-col-100 elementor-top-column elementor-element elementor-element-24d46f9 sc_inner_width_none sc_layouts_column_icons_position_left exad-glass-effect-no exad-sticky-section-no\" data-id=\"24d46f9\" data-element_type=\"column\" data-e-type=\"column\">\n\t\t\t<div class=\"elementor-widget-wrap elementor-element-populated\">\n\t\t\t\t\t\t<div class=\"elementor-element elementor-element-dbe35de exad-sticky-section-no exad-glass-effect-no sc_fly_static elementor-widget elementor-widget-trx_sc_promo\" data-id=\"dbe35de\" data-element_type=\"widget\" data-e-type=\"widget\" data-widget_type=\"trx_sc_promo.default\">\n\t\t\t\t<div class=\"elementor-widget-container\">\n\t\t\t\t\t<div  id=\"trx_sc_promo_1606835432\" \n\tclass=\"sc_promo sc_promo_default sc_promo_size_normal sc_promo_image_position_left\"><div class=\"sc_promo_image\" style=\"background-image:url(\/\/pativelabarcelona.com\/wp-content\/uploads\/2021\/09\/pati07-scaled.jpg);width:50%;left: 0;\"><\/div><!-- \/.sc_promo_image --><div class=\"sc_promo_text\" style=\"width: 50%;float: right;\">\n\t\t\t<div class=\"sc_promo_text_inner trx_addons_inline_394666962\"><span class=\"sc_item_subtitle sc_promo_subtitle sc_item_subtitle_above sc_item_title_style_decoration\">Hist\u00f2ria del pat\u00ed<\/span><h2 class=\"sc_item_title sc_promo_title sc_item_title_style_decoration sc_item_title_tag\"><span class=\"sc_item_title_text\">Fabricants del pat\u00ed de vela catal\u00e0<\/span><\/h2><div class=\"sc_item_descr sc_promo_descr\"><p>El <b>Pat\u00ed de Vela<\/b> es construeix des dels seus or\u00edgens a principi del segle passat en fusta, des de llavors els diferents fabricants han perfeccionat la idea original fins aconseguir el pat\u00ed actual.<br \/>\n<br \/>\nA les nostres drassanes guardem i continuem amb la millor tradici\u00f3 en construcci\u00f3 naval per\u00f2 sense menysprear l\u2019\u00faltima tecnologia, sempre amb l\u2019objectiu de produir els millors  <b>patins de vela.<\/b><\/p>\n<\/div><\/div>\n\t\t<\/div><!-- \/.sc_promo_text --><\/div><!-- \/.sc_promo -->\t\t\t\t<\/div>\n\t\t\t\t<\/div>\n\t\t\t\t\t<\/div>\n\t\t<\/div>\n\t\t\t\t\t<\/div>\n\t\t<\/section>\n\t\t\t\t<section class=\"elementor-section elementor-top-section elementor-element elementor-element-9629dc8 elementor-section-stretched elementor-section-boxed elementor-section-height-default elementor-section-height-default exad-glass-effect-no exad-sticky-section-no\" data-id=\"9629dc8\" data-element_type=\"section\" data-e-type=\"section\" data-settings=\"{&quot;stretch_section&quot;:&quot;section-stretched&quot;,&quot;background_background&quot;:&quot;classic&quot;}\">\n\t\t\t\t\t\t<div class=\"elementor-container elementor-column-gap-extended\">\n\t\t\t\t\t<div class=\"elementor-column elementor-col-100 elementor-top-column elementor-element elementor-element-47e69b3 sc_inner_width_none sc_layouts_column_icons_position_left exad-glass-effect-no exad-sticky-section-no\" data-id=\"47e69b3\" data-element_type=\"column\" data-e-type=\"column\">\n\t\t\t<div class=\"elementor-widget-wrap elementor-element-populated\">\n\t\t\t\t\t\t<div class=\"elementor-element elementor-element-f99fbe1 exad-sticky-section-no exad-glass-effect-no sc_fly_static elementor-widget elementor-widget-trx_sc_title\" data-id=\"f99fbe1\" data-element_type=\"widget\" data-e-type=\"widget\" data-widget_type=\"trx_sc_title.default\">\n\t\t\t\t<div class=\"elementor-widget-container\">\n\t\t\t\t\t<div id=\"trx_sc_title_1889387003\"\n\t\tclass=\"sc_title sc_title_decoration\"><span class=\"sc_item_subtitle sc_title_subtitle sc_align_center sc_item_subtitle_above sc_item_title_style_decoration\">CPVB<\/span><h2 class=\"sc_item_title sc_title_title sc_align_center sc_item_title_style_decoration sc_item_title_tag\"><span class=\"sc_item_title_text\">Reparaci\u00f3 de patins<\/span><\/h2><div class=\"sc_item_descr sc_title_descr sc_align_center\"><p>Reparem patins a les drassanes<\/p>\n<\/div><\/div><!-- \/.sc_title -->\t\t\t\t<\/div>\n\t\t\t\t<\/div>\n\t\t\t\t<div class=\"elementor-element elementor-element-141ecaa exad-sticky-section-no exad-glass-effect-no sc_fly_static elementor-widget elementor-widget-spacer\" data-id=\"141ecaa\" data-element_type=\"widget\" data-e-type=\"widget\" data-widget_type=\"spacer.default\">\n\t\t\t\t<div class=\"elementor-widget-container\">\n\t\t\t\t\t\t\t<div class=\"elementor-spacer\">\n\t\t\t<div class=\"elementor-spacer-inner\"><\/div>\n\t\t<\/div>\n\t\t\t\t\t\t<\/div>\n\t\t\t\t<\/div>\n\t\t\t\t<div class=\"elementor-element elementor-element-a62ab99 elementor-tabs-view-horizontal exad-sticky-section-no exad-glass-effect-no sc_fly_static elementor-widget elementor-widget-tabs\" data-id=\"a62ab99\" data-element_type=\"widget\" data-e-type=\"widget\" data-widget_type=\"tabs.default\">\n\t\t\t\t<div class=\"elementor-widget-container\">\n\t\t\t\t\t\t\t<div class=\"elementor-tabs\">\n\t\t\t<div class=\"elementor-tabs-wrapper\" role=\"tablist\" >\n\t\t\t\t\t\t\t\t\t<div id=\"elementor-tab-title-1741\" class=\"elementor-tab-title elementor-tab-desktop-title\" aria-selected=\"true\" data-tab=\"1\" role=\"tab\" tabindex=\"0\" aria-controls=\"elementor-tab-content-1741\" aria-expanded=\"false\">Reparaci\u00f3n de Pat\u00edn de Vela<\/div>\n\t\t\t\t\t\t\t\t\t<div id=\"elementor-tab-title-1742\" class=\"elementor-tab-title elementor-tab-desktop-title\" aria-selected=\"false\" data-tab=\"2\" role=\"tab\" tabindex=\"-1\" aria-controls=\"elementor-tab-content-1742\" aria-expanded=\"false\">Restauraci\u00f3n de Pat\u00edn de Vela<\/div>\n\t\t\t\t\t\t\t\t\t<div id=\"elementor-tab-title-1743\" class=\"elementor-tab-title elementor-tab-desktop-title\" aria-selected=\"false\" data-tab=\"3\" role=\"tab\" tabindex=\"-1\" aria-controls=\"elementor-tab-content-1743\" aria-expanded=\"false\">Servicios de los astilleros<\/div>\n\t\t\t\t\t\t\t<\/div>\n\t\t\t<div class=\"elementor-tabs-content-wrapper\" role=\"tablist\" aria-orientation=\"vertical\">\n\t\t\t\t\t\t\t\t\t<div class=\"elementor-tab-title elementor-tab-mobile-title\" aria-selected=\"true\" data-tab=\"1\" role=\"tab\" tabindex=\"0\" aria-controls=\"elementor-tab-content-1741\" aria-expanded=\"false\">Reparaci\u00f3n de Pat\u00edn de Vela<\/div>\n\t\t\t\t\t<div id=\"elementor-tab-content-1741\" class=\"elementor-tab-content elementor-clearfix\" data-tab=\"1\" role=\"tabpanel\" aria-labelledby=\"elementor-tab-title-1741\" tabindex=\"0\" hidden=\"false\"><div class=\"wpb_text_column wpb_content_element \">\n<div class=\"wpb_wrapper\">\n<p>En nuestros astilleros reparamos cualquier tipo de da\u00f1o o desperfecto que haya sufrido tu <strong>pat\u00edn de vela<\/strong> . Como constructores conocemos las t\u00e9cnicas y materiales m\u00e1s adecuados para las reparaciones, adem\u00e1s garantizamos que la embarcaci\u00f3n no perder\u00e1 ninguna de sus prestaciones a la hora de navegar. <\/p>\n<p>Aparte de las reparaciones hacemos el mantenimiento ordinario del pat\u00edn, como pueden ser las suelas, la cubierta, sustituci\u00f3n de poleas, encolar bancadas o simplemente revisar que el pat\u00edn se mantiene en buen estado.<\/p>\n<\/div>\n<\/div>\n<\/div>\n\t\t\t\t\t\t\t\t\t<div class=\"elementor-tab-title elementor-tab-mobile-title\" aria-selected=\"false\" data-tab=\"2\" role=\"tab\" tabindex=\"-1\" aria-controls=\"elementor-tab-content-1742\" aria-expanded=\"false\">Restauraci\u00f3n de Pat\u00edn de Vela<\/div>\n\t\t\t\t\t<div id=\"elementor-tab-content-1742\" class=\"elementor-tab-content elementor-clearfix\" data-tab=\"2\" role=\"tabpanel\" aria-labelledby=\"elementor-tab-title-1742\" tabindex=\"0\" hidden=\"hidden\"><div class=\"wpb_column vc_column_container vc_col-sm-9\">\n<div class=\"vc_column-inner \">\n<div class=\"wpb_wrapper\">\n<div class=\"wpb_text_column wpb_content_element \">\n<div class=\"wpb_wrapper\">\n<p>Si tienes un pat\u00edn antiguo y lo que quieres es restaurarlo del todo, no sufras. En <strong>Pat\u00ed Vela Barcelona,<\/strong> \u200b\u200brestauramos patines en su totalidad. primer d\u00eda que tocan agua. Adem\u00e1s existe la opci\u00f3n de mantener el acastillaje antiguo o renovarlo por uno de \u00faltima generaci\u00f3n.   <\/p>\n<\/div>\n<\/div>\n<\/div>\n<\/div>\n<\/div>\n<\/div>\n\t\t\t\t\t\t\t\t\t<div class=\"elementor-tab-title elementor-tab-mobile-title\" aria-selected=\"false\" data-tab=\"3\" role=\"tab\" tabindex=\"-1\" aria-controls=\"elementor-tab-content-1743\" aria-expanded=\"false\">Servicios de los astilleros<\/div>\n\t\t\t\t\t<div id=\"elementor-tab-content-1743\" class=\"elementor-tab-content elementor-clearfix\" data-tab=\"3\" role=\"tabpanel\" aria-labelledby=\"elementor-tab-title-1743\" tabindex=\"0\" hidden=\"hidden\"><ul class=\"trx_addons_list_custom\">\n<li>Reparaci\u00f3n y restauraci\u00f3n de bancadas<\/li>\n<li>Cambio de aparato deteriorado<\/li>\n<li>Cambio de jarcias<\/li>\n<li>Cambio de palo<\/li>\n<li>Reparaci\u00f3n de velas<\/li>\n<li>Reconstrucci\u00f3n de flotadores<\/li>\n<li>Flotadores desconchados<\/li>\n<li>Flotadores fracturados<\/li>\n<li>Pintado y barnizado<\/li>\n<\/ul>\n<\/div>\n\t\t\t\t\t\t\t<\/div>\n\t\t<\/div>\n\t\t\t\t\t\t<\/div>\n\t\t\t\t<\/div>\n\t\t\t\t\t<\/div>\n\t\t<\/div>\n\t\t\t\t\t<\/div>\n\t\t<\/section>\n\t\t\t\t<section class=\"elementor-section elementor-top-section elementor-element elementor-element-76d9432 elementor-section-stretched elementor-section-boxed elementor-section-height-default elementor-section-height-default exad-glass-effect-no exad-sticky-section-no\" data-id=\"76d9432\" data-element_type=\"section\" data-e-type=\"section\" data-settings=\"{&quot;background_background&quot;:&quot;classic&quot;,&quot;stretch_section&quot;:&quot;section-stretched&quot;}\">\n\t\t\t\t\t\t<div class=\"elementor-container elementor-column-gap-extended\">\n\t\t\t\t\t<div class=\"elementor-column elementor-col-100 elementor-top-column elementor-element elementor-element-0e08925 sc_inner_width_1_1 sc_layouts_column_icons_position_left exad-glass-effect-no exad-sticky-section-no\" data-id=\"0e08925\" data-element_type=\"column\" data-e-type=\"column\">\n\t\t\t<div class=\"elementor-widget-wrap elementor-element-populated\">\n\t\t\t\t\t\t<div class=\"elementor-element elementor-element-7da84a5 exad-sticky-section-no exad-glass-effect-no sc_fly_static elementor-widget elementor-widget-image\" data-id=\"7da84a5\" data-element_type=\"widget\" data-e-type=\"widget\" data-widget_type=\"image.default\">\n\t\t\t\t<div class=\"elementor-widget-container\">\n\t\t\t\t\t\t\t\t\t\t\t\t\t\t\t<img fetchpriority=\"high\" decoding=\"async\" width=\"1200\" height=\"296\" src=\"https:\/\/pativelabarcelona.com\/wp-content\/uploads\/2021\/09\/pati05.jpg\" class=\"attachment-1536x1536 size-1536x1536 wp-image-10398\" alt=\"\" srcset=\"https:\/\/pativelabarcelona.com\/wp-content\/uploads\/2021\/09\/pati05.jpg 1200w, https:\/\/pativelabarcelona.com\/wp-content\/uploads\/2021\/09\/pati05-300x74.jpg 300w, https:\/\/pativelabarcelona.com\/wp-content\/uploads\/2021\/09\/pati05-1024x253.jpg 1024w, https:\/\/pativelabarcelona.com\/wp-content\/uploads\/2021\/09\/pati05-768x189.jpg 768w, https:\/\/pativelabarcelona.com\/wp-content\/uploads\/2021\/09\/pati05-370x91.jpg 370w, https:\/\/pativelabarcelona.com\/wp-content\/uploads\/2021\/09\/pati05-760x187.jpg 760w, https:\/\/pativelabarcelona.com\/wp-content\/uploads\/2021\/09\/pati05-600x148.jpg 600w\" sizes=\"(max-width: 1200px) 100vw, 1200px\" title=\"\">\t\t\t\t\t\t\t\t\t\t\t\t\t\t\t<\/div>\n\t\t\t\t<\/div>\n\t\t\t\t\t<\/div>\n\t\t<\/div>\n\t\t\t\t\t<\/div>\n\t\t<\/section>\n\t\t\t\t<section class=\"elementor-section elementor-top-section elementor-element elementor-element-d115266 elementor-section-stretched elementor-section-boxed elementor-section-height-default elementor-section-height-default exad-glass-effect-no exad-sticky-section-no\" data-id=\"d115266\" data-element_type=\"section\" data-e-type=\"section\" data-settings=\"{&quot;stretch_section&quot;:&quot;section-stretched&quot;,&quot;background_background&quot;:&quot;classic&quot;}\">\n\t\t\t\t\t\t<div class=\"elementor-container elementor-column-gap-extended\">\n\t\t\t\t\t<div class=\"elementor-column elementor-col-100 elementor-top-column elementor-element elementor-element-ee5d69c sc_inner_width_none sc_layouts_column_icons_position_left exad-glass-effect-no exad-sticky-section-no\" data-id=\"ee5d69c\" data-element_type=\"column\" data-e-type=\"column\">\n\t\t\t<div class=\"elementor-widget-wrap elementor-element-populated\">\n\t\t\t\t\t\t<div class=\"elementor-element elementor-element-d6a91ef exad-sticky-section-no exad-glass-effect-no sc_fly_static elementor-widget elementor-widget-spacer\" data-id=\"d6a91ef\" data-element_type=\"widget\" data-e-type=\"widget\" data-widget_type=\"spacer.default\">\n\t\t\t\t<div class=\"elementor-widget-container\">\n\t\t\t\t\t\t\t<div class=\"elementor-spacer\">\n\t\t\t<div class=\"elementor-spacer-inner\"><\/div>\n\t\t<\/div>\n\t\t\t\t\t\t<\/div>\n\t\t\t\t<\/div>\n\t\t\t\t<div class=\"elementor-element elementor-element-e6b752f exad-sticky-section-no exad-glass-effect-no sc_fly_static elementor-widget elementor-widget-trx_sc_title\" data-id=\"e6b752f\" data-element_type=\"widget\" data-e-type=\"widget\" data-widget_type=\"trx_sc_title.default\">\n\t\t\t\t<div class=\"elementor-widget-container\">\n\t\t\t\t\t<div id=\"trx_sc_title_242809086\"\n\t\tclass=\"sc_title sc_title_decoration\"><span class=\"sc_item_subtitle sc_title_subtitle sc_align_center sc_item_subtitle_above sc_item_title_style_decoration\">Catal\u00e0<\/span><h2 class=\"sc_item_title sc_title_title sc_align_center sc_item_title_style_decoration sc_item_title_tag\"><span class=\"sc_item_title_text\">Pat\u00ed de vela<\/span><\/h2><div class=\"sc_item_descr sc_title_descr sc_align_center\"><p>Apr\u00e8n m\u00e9s sobre el Pat\u00ed de Vela Catal\u00e0<\/p>\n<\/div><\/div><!-- \/.sc_title -->\t\t\t\t<\/div>\n\t\t\t\t<\/div>\n\t\t\t\t<div class=\"elementor-element elementor-element-6717b45 elementor-tabs-view-horizontal exad-sticky-section-no exad-glass-effect-no sc_fly_static elementor-widget elementor-widget-tabs\" data-id=\"6717b45\" data-element_type=\"widget\" data-e-type=\"widget\" data-widget_type=\"tabs.default\">\n\t\t\t\t<div class=\"elementor-widget-container\">\n\t\t\t\t\t\t\t<div class=\"elementor-tabs\">\n\t\t\t<div class=\"elementor-tabs-wrapper\" role=\"tablist\" >\n\t\t\t\t\t\t\t\t\t<div id=\"elementor-tab-title-1081\" class=\"elementor-tab-title elementor-tab-desktop-title\" aria-selected=\"true\" data-tab=\"1\" role=\"tab\" tabindex=\"0\" aria-controls=\"elementor-tab-content-1081\" aria-expanded=\"false\">Historia<\/div>\n\t\t\t\t\t\t\t\t\t<div id=\"elementor-tab-title-1082\" class=\"elementor-tab-title elementor-tab-desktop-title\" aria-selected=\"false\" data-tab=\"2\" role=\"tab\" tabindex=\"-1\" aria-controls=\"elementor-tab-content-1082\" aria-expanded=\"false\">Caracter\u00edsticas<\/div>\n\t\t\t\t\t\t\t<\/div>\n\t\t\t<div class=\"elementor-tabs-content-wrapper\" role=\"tablist\" aria-orientation=\"vertical\">\n\t\t\t\t\t\t\t\t\t<div class=\"elementor-tab-title elementor-tab-mobile-title\" aria-selected=\"true\" data-tab=\"1\" role=\"tab\" tabindex=\"0\" aria-controls=\"elementor-tab-content-1081\" aria-expanded=\"false\">Historia<\/div>\n\t\t\t\t\t<div id=\"elementor-tab-content-1081\" class=\"elementor-tab-content elementor-clearfix\" data-tab=\"1\" role=\"tabpanel\" aria-labelledby=\"elementor-tab-title-1081\" tabindex=\"0\" hidden=\"false\"><p><strong>Pat\u00edn de vela,<\/strong> tambi\u00e9n conocido como pat\u00edn catal\u00e1n, es una clase monotipo de embarcaci\u00f3n de vela ligera de un solo tripulante. Caracterizada por ser un catamar\u00e1n de una sola vela de tipo marconi sin botavara y la peculiaridad de no tener tim\u00f3n ni orza. <\/p>\n<p>El gobierno de la embarcaci\u00f3n se realiza con el movimiento y reparto del peso del patr\u00f3n a lo largo y ancho de la cubierta del barco y con la escota, que manda la vela. Est\u00e1 especialmente dise\u00f1ado para encallar en la playa al no tener orza ni tim\u00f3n. <\/p>\n<p>Dise\u00f1ada por los hermanos catalanes <strong>Mong\u00e9 en 1942<\/strong> es el desarrollo formal y avanzado de un artefacto que naci\u00f3 en las playas de Badalona a principios de siglo. En principio carec\u00eda de vela y la propulsi\u00f3n se realizaba a remo, pero era rudimentario y pesado. Con posterioridad se le a\u00f1adi\u00f3 la vela. Finalmente los definitivos creadores de la clase lo aliviaron y a\u00f1adieron la barra escota de acero conformando la embarcaci\u00f3n exactamente como la conocemos ahora.   <\/p>\n<\/div>\n\t\t\t\t\t\t\t\t\t<div class=\"elementor-tab-title elementor-tab-mobile-title\" aria-selected=\"false\" data-tab=\"2\" role=\"tab\" tabindex=\"-1\" aria-controls=\"elementor-tab-content-1082\" aria-expanded=\"false\">Caracter\u00edsticas<\/div>\n\t\t\t\t\t<div id=\"elementor-tab-content-1082\" class=\"elementor-tab-content elementor-clearfix\" data-tab=\"2\" role=\"tabpanel\" aria-labelledby=\"elementor-tab-title-1082\" tabindex=\"0\" hidden=\"hidden\"><p>Su estructura es de madera. Est\u00e1 formada por dos cascos o flotadores que cumplen la funci\u00f3n de planos antideriva. Los cascos est\u00e1n unidos entre s\u00ed por la cubierta, compuesta de cinco bancadas independientes que aportan rigidez al conjunto y sirven de soporte al aparato, as\u00ed como de soporte al propio patr\u00f3n.  <\/p>\n<p>Arbola un solo palo de aluminio cuya inclinaci\u00f3n y rigidez pueden ser variados durante la navegaci\u00f3n mediante los estayas y bastas practicables y un aparato conocido como flexor respectivamente. Emparejadores una vela triangular manejada mediante una escota que se desliza libremente sobre la barra escota de acero instalada totalmente a popa de la embarcaci\u00f3n. <\/p>\n<p>El punto de cazadores de los jefes de la maniobra suele situarse entre dos de las bancadas 3a a 5a en una bater\u00eda de mecanismos llamada \u201cpiano\u201d. Adem\u00e1s de las cabezas que accionan estayas, bastas y flexor, tambi\u00e9n se cazan en \u00e9l la driza, que iza la vela y la tensa a lo largo del palo, y otra cabeza el accionamiento da forma a una zona del subimiento de la vela conocido como \u201ccola de pato\u201d, el cazado o soltado var\u00eda ligera pero apreciablemente la planitud y superficie v\u00e9licas <\/p>\n<\/div>\n\t\t\t\t\t\t\t<\/div>\n\t\t<\/div>\n\t\t\t\t\t\t<\/div>\n\t\t\t\t<\/div>\n\t\t\t\t\t<\/div>\n\t\t<\/div>\n\t\t\t\t\t<\/div>\n\t\t<\/section>\n\t\t\t\t<section class=\"elementor-section elementor-top-section elementor-element elementor-element-cd8a6f5 elementor-section-stretched elementor-section-boxed elementor-section-height-default elementor-section-height-default exad-glass-effect-no exad-sticky-section-no\" data-id=\"cd8a6f5\" data-element_type=\"section\" data-e-type=\"section\" data-settings=\"{&quot;stretch_section&quot;:&quot;section-stretched&quot;,&quot;background_background&quot;:&quot;classic&quot;}\">\n\t\t\t\t\t\t<div class=\"elementor-container elementor-column-gap-extended\">\n\t\t\t\t\t<div class=\"elementor-column elementor-col-100 elementor-top-column elementor-element elementor-element-1938eb8 sc_inner_width_none sc_layouts_column_icons_position_left exad-glass-effect-no exad-sticky-section-no\" data-id=\"1938eb8\" data-element_type=\"column\" data-e-type=\"column\">\n\t\t\t<div class=\"elementor-widget-wrap elementor-element-populated\">\n\t\t\t\t\t\t<div class=\"elementor-element elementor-element-b530c49 exad-sticky-section-no exad-glass-effect-no sc_fly_static elementor-widget elementor-widget-trx_sc_title\" data-id=\"b530c49\" data-element_type=\"widget\" data-e-type=\"widget\" data-widget_type=\"trx_sc_title.default\">\n\t\t\t\t<div class=\"elementor-widget-container\">\n\t\t\t\t\t<div id=\"trx_sc_title_1845548111\"\n\t\tclass=\"sc_title sc_title_decoration\"><span class=\"sc_item_subtitle sc_title_subtitle sc_align_center sc_item_subtitle_above sc_item_title_style_decoration\">Contacta'ns<\/span><h2 class=\"sc_item_title sc_title_title sc_align_center sc_item_title_style_decoration sc_item_title_tag\"><span class=\"sc_item_title_text\">Sol\u00b7licita m\u00e9s informaci\u00f3<\/span><\/h2><div class=\"sc_item_descr sc_title_descr sc_align_center\"><p>Si vols construir o reparar un pat\u00ed de vela<\/p>\n<\/div><div id=\"sc_button_894336851\"\tclass=\"sc_item_button sc_button_wrap sc_align_center sc_item_button sc_item_button_default sc_title_button\"><a href=\"\/contacte\" class=\"sc_button sc_button_default sc_button_size_normal sc_button_icon_left\"><span class=\"sc_button_text\"><span class=\"sc_button_title\">Contacte<\/span><\/span><!-- \/.sc_button_text --><\/a><!-- \/.sc_button --><\/div><!-- \/.sc_item_button --><\/div><!-- \/.sc_title -->\t\t\t\t<\/div>\n\t\t\t\t<\/div>\n\t\t\t\t\t<\/div>\n\t\t<\/div>\n\t\t\t\t\t<\/div>\n\t\t<\/section>\n\t\t\t\t<\/div>\n\t\t","protected":false},"excerpt":{"rendered":"<p>Pat\u00ed Vela Catal\u00e0 Drassanes Construeix el teu pat\u00ed de vela amb nosaltres&hellip;<\/p>\n","protected":false},"author":1,"featured_media":0,"parent":0,"menu_order":47,"comment_status":"closed","ping_status":"closed","template":"","meta":{"footnotes":""},"class_list":["post-11282","page","type-page","status-publish","hentry"],"_links":{"self":[{"href":"https:\/\/pativelabarcelona.com\/es\/wp-json\/wp\/v2\/pages\/11282","targetHints":{"allow":["GET"]}}],"collection":[{"href":"https:\/\/pativelabarcelona.com\/es\/wp-json\/wp\/v2\/pages"}],"about":[{"href":"https:\/\/pativelabarcelona.com\/es\/wp-json\/wp\/v2\/types\/page"}],"author":[{"embeddable":true,"href":"https:\/\/pativelabarcelona.com\/es\/wp-json\/wp\/v2\/users\/1"}],"replies":[{"embeddable":true,"href":"https:\/\/pativelabarcelona.com\/es\/wp-json\/wp\/v2\/comments?post=11282"}],"version-history":[{"count":0,"href":"https:\/\/pativelabarcelona.com\/es\/wp-json\/wp\/v2\/pages\/11282\/revisions"}],"wp:attachment":[{"href":"https:\/\/pativelabarcelona.com\/es\/wp-json\/wp\/v2\/media?parent=11282"}],"curies":[{"name":"wp","href":"https:\/\/api.w.org\/{rel}","templated":true}]}}