{"id":11586,"date":"2025-03-12T13:30:09","date_gmt":"2025-03-12T12:30:09","guid":{"rendered":"https:\/\/pativelabarcelona.com\/?post_type=product&#038;p=11586"},"modified":"2026-03-04T16:56:44","modified_gmt":"2026-03-04T15:56:44","slug":"inscripcio-bandera-barcelona","status":"publish","type":"product","link":"https:\/\/pativelabarcelona.com\/es\/producte\/inscripcio-bandera-barcelona\/","title":{"rendered":"Inscripci\u00f3 equip"},"content":{"rendered":"","protected":false},"excerpt":{"rendered":"<p>Inscripci\u00f3 d&#8217;equip. Cada unitat correspon a 8 vogadors i 1 timoner. Un cop feta la inscripci\u00f3, us contactarem per concretar les dades de cada participant.<\/p>\n","protected":false},"featured_media":13017,"comment_status":"open","ping_status":"closed","template":"","meta":[],"product_brand":[],"product_cat":[191],"product_tag":[],"class_list":{"0":"post-11586","1":"product","2":"type-product","3":"status-publish","4":"has-post-thumbnail","6":"product_cat-regates","8":"first","9":"instock","10":"shipping-taxable","11":"purchasable","12":"product-type-simple"},"_links":{"self":[{"href":"https:\/\/pativelabarcelona.com\/es\/wp-json\/wp\/v2\/product\/11586","targetHints":{"allow":["GET"]}}],"collection":[{"href":"https:\/\/pativelabarcelona.com\/es\/wp-json\/wp\/v2\/product"}],"about":[{"href":"https:\/\/pativelabarcelona.com\/es\/wp-json\/wp\/v2\/types\/product"}],"replies":[{"embeddable":true,"href":"https:\/\/pativelabarcelona.com\/es\/wp-json\/wp\/v2\/comments?post=11586"}],"wp:featuredmedia":[{"embeddable":true,"href":"https:\/\/pativelabarcelona.com\/es\/wp-json\/wp\/v2\/media\/13017"}],"wp:attachment":[{"href":"https:\/\/pativelabarcelona.com\/es\/wp-json\/wp\/v2\/media?parent=11586"}],"wp:term":[{"taxonomy":"product_brand","embeddable":true,"href":"https:\/\/pativelabarcelona.com\/es\/wp-json\/wp\/v2\/product_brand?post=11586"},{"taxonomy":"product_cat","embeddable":true,"href":"https:\/\/pativelabarcelona.com\/es\/wp-json\/wp\/v2\/product_cat?post=11586"},{"taxonomy":"product_tag","embeddable":true,"href":"https:\/\/pativelabarcelona.com\/es\/wp-json\/wp\/v2\/product_tag?post=11586"}],"curies":[{"name":"wp","href":"https:\/\/api.w.org\/{rel}","templated":true}]}}