{"id":13491,"date":"2026-04-29T16:06:05","date_gmt":"2026-04-29T14:06:05","guid":{"rendered":"https:\/\/pativelabarcelona.com\/?post_type=product&#038;p=13491"},"modified":"2026-04-29T16:06:05","modified_gmt":"2026-04-29T14:06:05","slug":"curs-timoners","status":"publish","type":"product","link":"https:\/\/pativelabarcelona.com\/es\/producte\/curs-timoners\/","title":{"rendered":"Curs de Timoners"},"content":{"rendered":"<p>Tenim el luxe de poder comptar amb el <strong>Xavi Guardiola<\/strong> per a la formaci\u00f3 de timoners que tant ens heu demanat!<\/p>\n<p>Es tracta d&#8217;una sessi\u00f3 de<strong> 5 hores de formaci\u00f3<\/strong> de timoners dividada en:<br \/>\n&#8211; <strong>Sessi\u00f3 te\u00f2rica<\/strong> &gt; 9:00 &#8211; 12:00 (<strong>3h<\/strong>)<br \/>\n&#8211; <strong>Pr\u00e0ctica a l&#8217;aigua<\/strong> &gt; 12:00 &#8211; 14:00 (<strong>2h<\/strong>)<\/p>\n<p>M\u00e9s enll\u00e0 d&#8217;aprendre a agafar un tim\u00f3 es tracataran en profunditat temes com:<br \/>\n&#8211; Coneixement de l&#8217;embarcaci\u00f3 i el material<br \/>\n&#8211; T\u00e8cnica i reglatges<br \/>\n&#8211; Seguretat<br \/>\n&#8211; Meteorologia<br \/>\n&#8211; Gesti\u00f3 d&#8217;equips i planificaci\u00f3 de temporada<br \/>\n&#8211; Reglament (resum)<\/p>\n","protected":false},"excerpt":{"rendered":"<p>Tenim el luxe de poder comptar amb el Xavi Guardiola per a&hellip;<\/p>\n","protected":false},"featured_media":0,"comment_status":"open","ping_status":"closed","template":"","meta":[],"product_brand":[],"product_cat":[189],"product_tag":[],"class_list":{"0":"post-13491","1":"product","2":"type-product","3":"status-publish","5":"product_cat-vela","7":"first","8":"instock","9":"shipping-taxable","10":"purchasable","11":"product-type-simple"},"_links":{"self":[{"href":"https:\/\/pativelabarcelona.com\/es\/wp-json\/wp\/v2\/product\/13491","targetHints":{"allow":["GET"]}}],"collection":[{"href":"https:\/\/pativelabarcelona.com\/es\/wp-json\/wp\/v2\/product"}],"about":[{"href":"https:\/\/pativelabarcelona.com\/es\/wp-json\/wp\/v2\/types\/product"}],"replies":[{"embeddable":true,"href":"https:\/\/pativelabarcelona.com\/es\/wp-json\/wp\/v2\/comments?post=13491"}],"wp:attachment":[{"href":"https:\/\/pativelabarcelona.com\/es\/wp-json\/wp\/v2\/media?parent=13491"}],"wp:term":[{"taxonomy":"product_brand","embeddable":true,"href":"https:\/\/pativelabarcelona.com\/es\/wp-json\/wp\/v2\/product_brand?post=13491"},{"taxonomy":"product_cat","embeddable":true,"href":"https:\/\/pativelabarcelona.com\/es\/wp-json\/wp\/v2\/product_cat?post=13491"},{"taxonomy":"product_tag","embeddable":true,"href":"https:\/\/pativelabarcelona.com\/es\/wp-json\/wp\/v2\/product_tag?post=13491"}],"curies":[{"name":"wp","href":"https:\/\/api.w.org\/{rel}","templated":true}]}}